{"id":58,"date":"2026-01-26T02:03:30","date_gmt":"2026-01-26T02:03:30","guid":{"rendered":"http:\/\/quinta-do-pinheiro.local\/?page_id=58"},"modified":"2026-03-12T14:20:47","modified_gmt":"2026-03-12T14:20:47","slug":"elementor-58","status":"publish","type":"page","link":"https:\/\/quintadopinheiro.pt\/en\/elementor-58\/","title":{"rendered":"Gallery"},"content":{"rendered":"<div data-elementor-type=\"wp-post\" data-elementor-id=\"58\" class=\"elementor elementor-58\">\n\t\t\t\t<div class=\"elementor-element elementor-element-4e43f04 e-flex e-con-boxed e-con e-parent\" data-id=\"4e43f04\" data-element_type=\"container\" data-e-type=\"container\">\n\t\t\t\t\t<div class=\"e-con-inner\">\n\t\t\t\t<div class=\"elementor-element elementor-element-db69aad elementor-widget__width-inherit elementor-widget elementor-widget-text-editor\" data-id=\"db69aad\" data-element_type=\"widget\" data-e-type=\"widget\" data-widget_type=\"text-editor.default\">\n\t\t\t\t\t\t\t\t\t<p style=\"text-align: center;\"><em>Discover the essence of Quinta do Pinheiro.<\/em><\/p>\t\t\t\t\t\t\t\t<\/div>\n\t\t\t\t\t<\/div>\n\t\t\t\t<\/div>\n\t\t<div class=\"elementor-element elementor-element-960c658 e-flex e-con-boxed e-con e-parent\" data-id=\"960c658\" data-element_type=\"container\" data-e-type=\"container\">\n\t\t\t\t\t<div class=\"e-con-inner\">\n\t\t\t\t<div class=\"elementor-element elementor-element-c37c0f2 elementor-widget elementor-widget-heading\" data-id=\"c37c0f2\" data-element_type=\"widget\" data-e-type=\"widget\" data-widget_type=\"heading.default\">\n\t\t\t\t\t<h5 class=\"elementor-heading-title elementor-size-default\">Comfortable rooms where you wake up to the mountains, farm animals full of personality, refreshing pool for sunny days, games room for family nights, and rural landscapes that rejuvenate the soul.<\/h5>\t\t\t\t<\/div>\n\t\t\t\t<div class=\"elementor-element elementor-element-33d6b81 elementor-widget__width-inherit elementor-hidden-tablet elementor-widget elementor-widget-image-gallery\" data-id=\"33d6b81\" data-element_type=\"widget\" data-e-type=\"widget\" data-widget_type=\"image-gallery.default\">\n\t\t\t\t\t\t\t<div class=\"elementor-image-gallery\">\n\t\t\t<div id='gallery-1' class='gallery galleryid-58 gallery-columns-3 gallery-size-hotell-offers-section'><figure class='gallery-item'>\n\t\t\t<div class='gallery-icon landscape'>\n\t\t\t\t<img fetchpriority=\"high\" decoding=\"async\" width=\"373\" height=\"293\" src=\"https:\/\/quintadopinheiro.pt\/wp-content\/uploads\/2026\/03\/193996268_4060433257335560_1990300248635290120_n-373x293.jpg\" class=\"attachment-hotell-offers-section size-hotell-offers-section\" alt=\"\" \/>\n\t\t\t<\/div><\/figure><figure class='gallery-item'>\n\t\t\t<div class='gallery-icon landscape'>\n\t\t\t\t<img decoding=\"async\" width=\"373\" height=\"293\" src=\"https:\/\/quintadopinheiro.pt\/wp-content\/uploads\/2026\/03\/2781927-373x293.jpg\" class=\"attachment-hotell-offers-section size-hotell-offers-section\" alt=\"\" \/>\n\t\t\t<\/div><\/figure><figure class='gallery-item'>\n\t\t\t<div class='gallery-icon landscape'>\n\t\t\t\t<img decoding=\"async\" width=\"373\" height=\"293\" src=\"https:\/\/quintadopinheiro.pt\/wp-content\/uploads\/2026\/03\/2788928-373x293.jpg\" class=\"attachment-hotell-offers-section size-hotell-offers-section\" alt=\"\" \/>\n\t\t\t<\/div><\/figure><figure class='gallery-item'>\n\t\t\t<div class='gallery-icon landscape'>\n\t\t\t\t<img loading=\"lazy\" decoding=\"async\" width=\"373\" height=\"293\" src=\"https:\/\/quintadopinheiro.pt\/wp-content\/uploads\/2026\/03\/3675480-373x293.jpg\" class=\"attachment-hotell-offers-section size-hotell-offers-section\" alt=\"\" \/>\n\t\t\t<\/div><\/figure><figure class='gallery-item'>\n\t\t\t<div class='gallery-icon portrait'>\n\t\t\t\t<img loading=\"lazy\" decoding=\"async\" width=\"373\" height=\"293\" src=\"https:\/\/quintadopinheiro.pt\/wp-content\/uploads\/2026\/03\/IMG_5159-373x293.jpg\" class=\"attachment-hotell-offers-section size-hotell-offers-section\" alt=\"\" \/>\n\t\t\t<\/div><\/figure><figure class='gallery-item'>\n\t\t\t<div class='gallery-icon landscape'>\n\t\t\t\t<img loading=\"lazy\" decoding=\"async\" width=\"373\" height=\"293\" src=\"https:\/\/quintadopinheiro.pt\/wp-content\/uploads\/2026\/03\/6532029-373x293.jpg\" class=\"attachment-hotell-offers-section size-hotell-offers-section\" alt=\"\" \/>\n\t\t\t<\/div><\/figure><figure class='gallery-item'>\n\t\t\t<div class='gallery-icon landscape'>\n\t\t\t\t<img loading=\"lazy\" decoding=\"async\" width=\"334\" height=\"293\" src=\"https:\/\/quintadopinheiro.pt\/wp-content\/uploads\/2026\/03\/1081022-e1773328819100-334x293.jpg\" class=\"attachment-hotell-offers-section size-hotell-offers-section\" alt=\"\" \/>\n\t\t\t<\/div><\/figure><figure class='gallery-item'>\n\t\t\t<div class='gallery-icon landscape'>\n\t\t\t\t<img loading=\"lazy\" decoding=\"async\" width=\"373\" height=\"293\" src=\"https:\/\/quintadopinheiro.pt\/wp-content\/uploads\/2026\/03\/198080042-373x293.jpg\" class=\"attachment-hotell-offers-section size-hotell-offers-section\" alt=\"\" \/>\n\t\t\t<\/div><\/figure><figure class='gallery-item'>\n\t\t\t<div class='gallery-icon landscape'>\n\t\t\t\t<img loading=\"lazy\" decoding=\"async\" width=\"373\" height=\"293\" src=\"https:\/\/quintadopinheiro.pt\/wp-content\/uploads\/2026\/03\/198075761-373x293.jpg\" class=\"attachment-hotell-offers-section size-hotell-offers-section\" alt=\"\" \/>\n\t\t\t<\/div><\/figure><figure class='gallery-item'>\n\t\t\t<div class='gallery-icon landscape'>\n\t\t\t\t<img loading=\"lazy\" decoding=\"async\" width=\"373\" height=\"293\" src=\"https:\/\/quintadopinheiro.pt\/wp-content\/uploads\/2026\/03\/2781928-373x293.jpg\" class=\"attachment-hotell-offers-section size-hotell-offers-section\" alt=\"\" \/>\n\t\t\t<\/div><\/figure><figure class='gallery-item'>\n\t\t\t<div class='gallery-icon landscape'>\n\t\t\t\t<img loading=\"lazy\" decoding=\"async\" width=\"373\" height=\"293\" src=\"https:\/\/quintadopinheiro.pt\/wp-content\/uploads\/2026\/03\/9074840-373x293.jpg\" class=\"attachment-hotell-offers-section size-hotell-offers-section\" alt=\"\" \/>\n\t\t\t<\/div><\/figure><figure class='gallery-item'>\n\t\t\t<div class='gallery-icon portrait'>\n\t\t\t\t<img loading=\"lazy\" decoding=\"async\" width=\"373\" height=\"293\" src=\"https:\/\/quintadopinheiro.pt\/wp-content\/uploads\/2026\/03\/3676872-373x293.jpg\" class=\"attachment-hotell-offers-section size-hotell-offers-section\" alt=\"\" \/>\n\t\t\t<\/div><\/figure><figure class='gallery-item'>\n\t\t\t<div class='gallery-icon landscape'>\n\t\t\t\t<img loading=\"lazy\" decoding=\"async\" width=\"373\" height=\"293\" src=\"https:\/\/quintadopinheiro.pt\/wp-content\/uploads\/2026\/03\/198075366-373x293.jpg\" class=\"attachment-hotell-offers-section size-hotell-offers-section\" alt=\"\" \/>\n\t\t\t<\/div><\/figure><figure class='gallery-item'>\n\t\t\t<div class='gallery-icon landscape'>\n\t\t\t\t<img loading=\"lazy\" decoding=\"async\" width=\"373\" height=\"293\" src=\"https:\/\/quintadopinheiro.pt\/wp-content\/uploads\/2026\/03\/7075249-373x293.jpg\" class=\"attachment-hotell-offers-section size-hotell-offers-section\" alt=\"\" \/>\n\t\t\t<\/div><\/figure><figure class='gallery-item'>\n\t\t\t<div class='gallery-icon landscape'>\n\t\t\t\t<img loading=\"lazy\" decoding=\"async\" width=\"373\" height=\"293\" src=\"https:\/\/quintadopinheiro.pt\/wp-content\/uploads\/2026\/03\/2067228-373x293.jpg\" class=\"attachment-hotell-offers-section size-hotell-offers-section\" alt=\"\" \/>\n\t\t\t<\/div><\/figure><figure class='gallery-item'>\n\t\t\t<div class='gallery-icon landscape'>\n\t\t\t\t<img loading=\"lazy\" decoding=\"async\" width=\"373\" height=\"293\" src=\"https:\/\/quintadopinheiro.pt\/wp-content\/uploads\/2026\/03\/198268196-373x293.jpg\" class=\"attachment-hotell-offers-section size-hotell-offers-section\" alt=\"\" \/>\n\t\t\t<\/div><\/figure><figure class='gallery-item'>\n\t\t\t<div class='gallery-icon landscape'>\n\t\t\t\t<img loading=\"lazy\" decoding=\"async\" width=\"373\" height=\"293\" src=\"https:\/\/quintadopinheiro.pt\/wp-content\/uploads\/2026\/03\/1081046-373x293.jpg\" class=\"attachment-hotell-offers-section size-hotell-offers-section\" alt=\"\" \/>\n\t\t\t<\/div><\/figure><figure class='gallery-item'>\n\t\t\t<div class='gallery-icon landscape'>\n\t\t\t\t<img loading=\"lazy\" decoding=\"async\" width=\"373\" height=\"293\" src=\"https:\/\/quintadopinheiro.pt\/wp-content\/uploads\/2026\/03\/7075239-373x293.jpg\" class=\"attachment-hotell-offers-section size-hotell-offers-section\" alt=\"\" \/>\n\t\t\t<\/div><\/figure>\n\t\t<\/div>\n\t\t<\/div>\n\t\t\t\t\t\t<\/div>\n\t\t\t\t<div class=\"elementor-element elementor-element-f372e38 elementor-widget__width-inherit elementor-hidden-desktop elementor-hidden-mobile elementor-widget elementor-widget-image-gallery\" data-id=\"f372e38\" data-element_type=\"widget\" data-e-type=\"widget\" data-widget_type=\"image-gallery.default\">\n\t\t\t\t\t\t\t<div class=\"elementor-image-gallery\">\n\t\t\t<div id='gallery-2' class='gallery galleryid-58 gallery-columns-2 gallery-size-hotell-offers-section'><figure class='gallery-item'>\n\t\t\t<div class='gallery-icon landscape'>\n\t\t\t\t<img loading=\"lazy\" decoding=\"async\" width=\"373\" height=\"293\" src=\"https:\/\/quintadopinheiro.pt\/wp-content\/uploads\/2026\/03\/6532029-373x293.jpg\" class=\"attachment-hotell-offers-section size-hotell-offers-section\" alt=\"\" \/>\n\t\t\t<\/div><\/figure><figure class='gallery-item'>\n\t\t\t<div class='gallery-icon landscape'>\n\t\t\t\t<img loading=\"lazy\" decoding=\"async\" width=\"373\" height=\"293\" src=\"https:\/\/quintadopinheiro.pt\/wp-content\/uploads\/2026\/03\/198075761-373x293.jpg\" class=\"attachment-hotell-offers-section size-hotell-offers-section\" alt=\"\" \/>\n\t\t\t<\/div><\/figure><figure class='gallery-item'>\n\t\t\t<div class='gallery-icon portrait'>\n\t\t\t\t<img loading=\"lazy\" decoding=\"async\" width=\"373\" height=\"293\" src=\"https:\/\/quintadopinheiro.pt\/wp-content\/uploads\/2026\/03\/IMG_5159-373x293.jpg\" class=\"attachment-hotell-offers-section size-hotell-offers-section\" alt=\"\" \/>\n\t\t\t<\/div><\/figure><figure class='gallery-item'>\n\t\t\t<div class='gallery-icon landscape'>\n\t\t\t\t<img loading=\"lazy\" decoding=\"async\" width=\"373\" height=\"293\" src=\"https:\/\/quintadopinheiro.pt\/wp-content\/uploads\/2026\/03\/9074840-373x293.jpg\" class=\"attachment-hotell-offers-section size-hotell-offers-section\" alt=\"\" \/>\n\t\t\t<\/div><\/figure><figure class='gallery-item'>\n\t\t\t<div class='gallery-icon landscape'>\n\t\t\t\t<img loading=\"lazy\" decoding=\"async\" width=\"373\" height=\"293\" src=\"https:\/\/quintadopinheiro.pt\/wp-content\/uploads\/2026\/03\/2781928-373x293.jpg\" class=\"attachment-hotell-offers-section size-hotell-offers-section\" alt=\"\" \/>\n\t\t\t<\/div><\/figure><figure class='gallery-item'>\n\t\t\t<div class='gallery-icon landscape'>\n\t\t\t\t<img decoding=\"async\" width=\"373\" height=\"293\" src=\"https:\/\/quintadopinheiro.pt\/wp-content\/uploads\/2026\/03\/2788928-373x293.jpg\" class=\"attachment-hotell-offers-section size-hotell-offers-section\" alt=\"\" \/>\n\t\t\t<\/div><\/figure><figure class='gallery-item'>\n\t\t\t<div class='gallery-icon landscape'>\n\t\t\t\t<img loading=\"lazy\" decoding=\"async\" width=\"373\" height=\"293\" src=\"https:\/\/quintadopinheiro.pt\/wp-content\/uploads\/2026\/03\/3675480-373x293.jpg\" class=\"attachment-hotell-offers-section size-hotell-offers-section\" alt=\"\" \/>\n\t\t\t<\/div><\/figure><figure class='gallery-item'>\n\t\t\t<div class='gallery-icon portrait'>\n\t\t\t\t<img loading=\"lazy\" decoding=\"async\" width=\"373\" height=\"293\" src=\"https:\/\/quintadopinheiro.pt\/wp-content\/uploads\/2026\/03\/3676872-373x293.jpg\" class=\"attachment-hotell-offers-section size-hotell-offers-section\" alt=\"\" \/>\n\t\t\t<\/div><\/figure><figure class='gallery-item'>\n\t\t\t<div class='gallery-icon landscape'>\n\t\t\t\t<img fetchpriority=\"high\" decoding=\"async\" width=\"373\" height=\"293\" src=\"https:\/\/quintadopinheiro.pt\/wp-content\/uploads\/2026\/03\/193996268_4060433257335560_1990300248635290120_n-373x293.jpg\" class=\"attachment-hotell-offers-section size-hotell-offers-section\" alt=\"\" \/>\n\t\t\t<\/div><\/figure><figure class='gallery-item'>\n\t\t\t<div class='gallery-icon landscape'>\n\t\t\t\t<img loading=\"lazy\" decoding=\"async\" width=\"373\" height=\"293\" src=\"https:\/\/quintadopinheiro.pt\/wp-content\/uploads\/2026\/03\/7075249-373x293.jpg\" class=\"attachment-hotell-offers-section size-hotell-offers-section\" alt=\"\" \/>\n\t\t\t<\/div><\/figure><figure class='gallery-item'>\n\t\t\t<div class='gallery-icon landscape'>\n\t\t\t\t<img loading=\"lazy\" decoding=\"async\" width=\"373\" height=\"293\" src=\"https:\/\/quintadopinheiro.pt\/wp-content\/uploads\/2026\/03\/198080042-373x293.jpg\" class=\"attachment-hotell-offers-section size-hotell-offers-section\" alt=\"\" \/>\n\t\t\t<\/div><\/figure><figure class='gallery-item'>\n\t\t\t<div class='gallery-icon landscape'>\n\t\t\t\t<img loading=\"lazy\" decoding=\"async\" width=\"334\" height=\"293\" src=\"https:\/\/quintadopinheiro.pt\/wp-content\/uploads\/2026\/03\/1081022-e1773328819100-334x293.jpg\" class=\"attachment-hotell-offers-section size-hotell-offers-section\" alt=\"\" \/>\n\t\t\t<\/div><\/figure><figure class='gallery-item'>\n\t\t\t<div class='gallery-icon landscape'>\n\t\t\t\t<img loading=\"lazy\" decoding=\"async\" width=\"373\" height=\"293\" src=\"https:\/\/quintadopinheiro.pt\/wp-content\/uploads\/2026\/03\/2067228-373x293.jpg\" class=\"attachment-hotell-offers-section size-hotell-offers-section\" alt=\"\" \/>\n\t\t\t<\/div><\/figure><figure class='gallery-item'>\n\t\t\t<div class='gallery-icon landscape'>\n\t\t\t\t<img loading=\"lazy\" decoding=\"async\" width=\"373\" height=\"293\" src=\"https:\/\/quintadopinheiro.pt\/wp-content\/uploads\/2026\/03\/198075366-373x293.jpg\" class=\"attachment-hotell-offers-section size-hotell-offers-section\" alt=\"\" \/>\n\t\t\t<\/div><\/figure><figure class='gallery-item'>\n\t\t\t<div class='gallery-icon landscape'>\n\t\t\t\t<img decoding=\"async\" width=\"373\" height=\"293\" src=\"https:\/\/quintadopinheiro.pt\/wp-content\/uploads\/2026\/03\/2781927-373x293.jpg\" class=\"attachment-hotell-offers-section size-hotell-offers-section\" alt=\"\" \/>\n\t\t\t<\/div><\/figure><figure class='gallery-item'>\n\t\t\t<div class='gallery-icon landscape'>\n\t\t\t\t<img loading=\"lazy\" decoding=\"async\" width=\"373\" height=\"293\" src=\"https:\/\/quintadopinheiro.pt\/wp-content\/uploads\/2026\/03\/7075239-373x293.jpg\" class=\"attachment-hotell-offers-section size-hotell-offers-section\" alt=\"\" \/>\n\t\t\t<\/div><\/figure><figure class='gallery-item'>\n\t\t\t<div class='gallery-icon landscape'>\n\t\t\t\t<img loading=\"lazy\" decoding=\"async\" width=\"373\" height=\"293\" src=\"https:\/\/quintadopinheiro.pt\/wp-content\/uploads\/2026\/03\/1081046-373x293.jpg\" class=\"attachment-hotell-offers-section size-hotell-offers-section\" alt=\"\" \/>\n\t\t\t<\/div><\/figure><figure class='gallery-item'>\n\t\t\t<div class='gallery-icon landscape'>\n\t\t\t\t<img loading=\"lazy\" decoding=\"async\" width=\"373\" height=\"293\" src=\"https:\/\/quintadopinheiro.pt\/wp-content\/uploads\/2026\/03\/198268196-373x293.jpg\" class=\"attachment-hotell-offers-section size-hotell-offers-section\" alt=\"\" \/>\n\t\t\t<\/div><\/figure>\n\t\t<\/div>\n\t\t<\/div>\n\t\t\t\t\t\t<\/div>\n\t\t\t\t\t<\/div>\n\t\t\t\t<\/div>\n\t\t<div class=\"elementor-element elementor-element-e62bd33 e-flex e-con-boxed e-con e-parent\" data-id=\"e62bd33\" data-element_type=\"container\" data-e-type=\"container\">\n\t\t\t\t\t<div class=\"e-con-inner\">\n\t\t\t\t<div class=\"elementor-element elementor-element-9173eab elementor-widget elementor-widget-spacer\" data-id=\"9173eab\" data-element_type=\"widget\" data-e-type=\"widget\" data-widget_type=\"spacer.default\">\n\t\t\t\t\t\t\t<div class=\"elementor-spacer\">\n\t\t\t<div class=\"elementor-spacer-inner\"><\/div>\n\t\t<\/div>\n\t\t\t\t\t\t<\/div>\n\t\t\t\t\t<\/div>\n\t\t\t\t<\/div>\n\t\t<div class=\"elementor-element elementor-element-0b6515d e-flex e-con-boxed e-con e-parent\" data-id=\"0b6515d\" data-element_type=\"container\" data-e-type=\"container\">\n\t\t\t\t\t<div class=\"e-con-inner\">\n\t\t<div class=\"elementor-element elementor-element-54d1167 e-con-full e-flex e-con e-child\" data-id=\"54d1167\" data-element_type=\"container\" data-e-type=\"container\">\n\t\t\t\t<div class=\"elementor-element elementor-element-61bda21 elementor-widget__width-initial animated-slow elementor-invisible elementor-widget elementor-widget-google_maps\" data-id=\"61bda21\" data-element_type=\"widget\" data-e-type=\"widget\" data-settings=\"{&quot;_animation&quot;:&quot;fadeIn&quot;}\" data-widget_type=\"google_maps.default\">\n\t\t\t\t\t\t\t<div class=\"elementor-custom-embed\">\n\t\t\t<iframe loading=\"lazy\"\n\t\t\t\t\tsrc=\"https:\/\/maps.google.com\/maps?q=Agro-turismo%20Rua%20do%20Instituto%2C%206300-080%20Cavadoude%2C%20Guarda&#038;t=m&#038;z=9&#038;output=embed&#038;iwloc=near\"\n\t\t\t\t\ttitle=\"Agro-turismo Rua do Instituto, 6300-080 Cavadoude, Guarda\"\n\t\t\t\t\taria-label=\"Agro-turismo Rua do Instituto, 6300-080 Cavadoude, Guarda\"\n\t\t\t><\/iframe>\n\t\t<\/div>\n\t\t\t\t\t\t<\/div>\n\t\t\t\t<\/div>\n\t\t<div class=\"elementor-element elementor-element-79c632b e-con-full e-flex e-con e-child\" data-id=\"79c632b\" data-element_type=\"container\" data-e-type=\"container\">\n\t\t<div class=\"elementor-element elementor-element-63468a9 e-con-full e-flex e-con e-child\" data-id=\"63468a9\" data-element_type=\"container\" data-e-type=\"container\" data-settings=\"{&quot;background_background&quot;:&quot;classic&quot;}\">\n\t\t\t\t<div class=\"elementor-element elementor-element-fa8a13e elementor-widget__width-initial elementor-widget elementor-widget-heading\" data-id=\"fa8a13e\" data-element_type=\"widget\" data-e-type=\"widget\" data-widget_type=\"heading.default\">\n\t\t\t\t\t<h2 class=\"elementor-heading-title elementor-size-default\">CONTACT US TODAY!<\/h2>\t\t\t\t<\/div>\n\t\t\t\t<\/div>\n\t\t<div class=\"elementor-element elementor-element-07a9c12 e-con-full e-flex e-con e-child\" data-id=\"07a9c12\" data-element_type=\"container\" data-e-type=\"container\">\n\t\t\t\t<div class=\"elementor-element elementor-element-59ae6f0 elementor-widget elementor-widget-text-editor\" data-id=\"59ae6f0\" data-element_type=\"widget\" data-e-type=\"widget\" data-widget_type=\"text-editor.default\">\n\t\t\t\t\t\t\t\t\t<p>Contact us through our communication channels or go directly to the full contacts page<\/p><p><span class=\"wixui-rich-text__text\"><strong>\u00a0<\/strong><\/span><\/p><p><span class=\"wixui-rich-text__text\"><strong>Mobile<\/strong>: <a href=\"tel:+351 271 926 162\">+351 271 926 162<\/a><\/span><\/p><p><span class=\"wixui-rich-text__text\"><strong>E-mail<\/strong>: <a href=\"mailto:qta.pinheiro@mail.telepac.pt\">qta.pinheiro@mail.telepac.pt<\/a><\/span><\/p>\t\t\t\t\t\t\t\t<\/div>\n\t\t<div class=\"elementor-element elementor-element-1519c37 e-con-full e-flex e-con e-child\" data-id=\"1519c37\" data-element_type=\"container\" data-e-type=\"container\">\n\t\t\t\t<div class=\"elementor-element elementor-element-f66bf37 elementor-align-justify elementor-widget elementor-widget-button\" data-id=\"f66bf37\" data-element_type=\"widget\" data-e-type=\"widget\" data-widget_type=\"button.default\">\n\t\t\t\t\t\t\t\t\t\t<a class=\"elementor-button elementor-button-link elementor-size-sm elementor-animation-shrink\" href=\"#\">\n\t\t\t\t\t\t<span class=\"elementor-button-content-wrapper\">\n\t\t\t\t\t\t\t\t\t<span class=\"elementor-button-text\">View contacts page<\/span>\n\t\t\t\t\t<\/span>\n\t\t\t\t\t<\/a>\n\t\t\t\t\t\t\t\t<\/div>\n\t\t\t\t<div class=\"elementor-element elementor-element-6cf3048 elementor-shape-rounded elementor-grid-0 e-grid-align-center elementor-widget elementor-widget-social-icons\" data-id=\"6cf3048\" data-element_type=\"widget\" data-e-type=\"widget\" data-widget_type=\"social-icons.default\">\n\t\t\t\t\t\t\t<div class=\"elementor-social-icons-wrapper elementor-grid\" role=\"list\">\n\t\t\t\t\t\t\t<span class=\"elementor-grid-item\" role=\"listitem\">\n\t\t\t\t\t<a class=\"elementor-icon elementor-social-icon elementor-social-icon-facebook elementor-animation-shrink elementor-repeater-item-102a0b5\" href=\"https:\/\/www.facebook.com\/QtadoPinheiro\/\" target=\"_blank\">\n\t\t\t\t\t\t<span class=\"elementor-screen-only\">Facebook<\/span>\n\t\t\t\t\t\t<svg aria-hidden=\"true\" class=\"e-font-icon-svg e-fab-facebook\" viewbox=\"0 0 512 512\" xmlns=\"http:\/\/www.w3.org\/2000\/svg\"><path d=\"M504 256C504 119 393 8 256 8S8 119 8 256c0 123.78 90.69 226.38 209.25 245V327.69h-63V256h63v-54.64c0-62.15 37-96.48 93.67-96.48 27.14 0 55.52 4.84 55.52 4.84v61h-31.28c-30.8 0-40.41 19.12-40.41 38.73V256h68.78l-11 71.69h-57.78V501C413.31 482.38 504 379.78 504 256z\"><\/path><\/svg>\t\t\t\t\t<\/a>\n\t\t\t\t<\/span>\n\t\t\t\t\t\t\t<span class=\"elementor-grid-item\" role=\"listitem\">\n\t\t\t\t\t<a class=\"elementor-icon elementor-social-icon elementor-social-icon-instagram elementor-animation-shrink elementor-repeater-item-08d4fc0\" href=\"https:\/\/www.instagram.com\/quintadopinheiro.agro_turismo\/\" target=\"_blank\">\n\t\t\t\t\t\t<span class=\"elementor-screen-only\">Instagram<\/span>\n\t\t\t\t\t\t<svg aria-hidden=\"true\" class=\"e-font-icon-svg e-fab-instagram\" viewbox=\"0 0 448 512\" xmlns=\"http:\/\/www.w3.org\/2000\/svg\"><path d=\"M224.1 141c-63.6 0-114.9 51.3-114.9 114.9s51.3 114.9 114.9 114.9S339 319.5 339 255.9 287.7 141 224.1 141zm0 189.6c-41.1 0-74.7-33.5-74.7-74.7s33.5-74.7 74.7-74.7 74.7 33.5 74.7 74.7-33.6 74.7-74.7 74.7zm146.4-194.3c0 14.9-12 26.8-26.8 26.8-14.9 0-26.8-12-26.8-26.8s12-26.8 26.8-26.8 26.8 12 26.8 26.8zm76.1 27.2c-1.7-35.9-9.9-67.7-36.2-93.9-26.2-26.2-58-34.4-93.9-36.2-37-2.1-147.9-2.1-184.9 0-35.8 1.7-67.6 9.9-93.9 36.1s-34.4 58-36.2 93.9c-2.1 37-2.1 147.9 0 184.9 1.7 35.9 9.9 67.7 36.2 93.9s58 34.4 93.9 36.2c37 2.1 147.9 2.1 184.9 0 35.9-1.7 67.7-9.9 93.9-36.2 26.2-26.2 34.4-58 36.2-93.9 2.1-37 2.1-147.8 0-184.8zM398.8 388c-7.8 19.6-22.9 34.7-42.6 42.6-29.5 11.7-99.5 9-132.1 9s-102.7 2.6-132.1-9c-19.6-7.8-34.7-22.9-42.6-42.6-11.7-29.5-9-99.5-9-132.1s-2.6-102.7 9-132.1c7.8-19.6 22.9-34.7 42.6-42.6 29.5-11.7 99.5-9 132.1-9s102.7-2.6 132.1 9c19.6 7.8 34.7 22.9 42.6 42.6 11.7 29.5 9 99.5 9 132.1s2.7 102.7-9 132.1z\"><\/path><\/svg>\t\t\t\t\t<\/a>\n\t\t\t\t<\/span>\n\t\t\t\t\t<\/div>\n\t\t\t\t\t\t<\/div>\n\t\t\t\t<\/div>\n\t\t\t\t<\/div>\n\t\t\t\t<\/div>\n\t\t\t\t\t<\/div>\n\t\t\t\t<\/div>\n\t\t\t\t<\/div>","protected":false},"excerpt":{"rendered":"<p>Descubra a ess\u00eancia da Quinta do Pinheiro. Quartos confort\u00e1veis onde acorda com a serra, animais da quinta cheios de personalidade, piscina refrescante para dias de sol, sal\u00e3o de jogos para noites em fam\u00edlia e paisagens rurais que rejuvenescem a alma. CONTACTE-NOS HOJE! Contacte-nos atrav\u00e9s dos nossos canais de comunica\u00e7\u00e3o ou avance j\u00e1 para a p\u00e1gina [&hellip;]<\/p>\n","protected":false},"author":1,"featured_media":0,"parent":0,"menu_order":0,"comment_status":"closed","ping_status":"closed","template":"elementor_header_footer","meta":{"footnotes":""},"class_list":["post-58","page","type-page","status-publish","hentry"],"_links":{"self":[{"href":"https:\/\/quintadopinheiro.pt\/en\/wp-json\/wp\/v2\/pages\/58","targetHints":{"allow":["GET"]}}],"collection":[{"href":"https:\/\/quintadopinheiro.pt\/en\/wp-json\/wp\/v2\/pages"}],"about":[{"href":"https:\/\/quintadopinheiro.pt\/en\/wp-json\/wp\/v2\/types\/page"}],"author":[{"embeddable":true,"href":"https:\/\/quintadopinheiro.pt\/en\/wp-json\/wp\/v2\/users\/1"}],"replies":[{"embeddable":true,"href":"https:\/\/quintadopinheiro.pt\/en\/wp-json\/wp\/v2\/comments?post=58"}],"version-history":[{"count":12,"href":"https:\/\/quintadopinheiro.pt\/en\/wp-json\/wp\/v2\/pages\/58\/revisions"}],"predecessor-version":[{"id":1811,"href":"https:\/\/quintadopinheiro.pt\/en\/wp-json\/wp\/v2\/pages\/58\/revisions\/1811"}],"wp:attachment":[{"href":"https:\/\/quintadopinheiro.pt\/en\/wp-json\/wp\/v2\/media?parent=58"}],"curies":[{"name":"wp","href":"https:\/\/api.w.org\/{rel}","templated":true}]}}